{"id":2452,"date":"2019-08-08T03:33:50","date_gmt":"2019-08-08T03:33:50","guid":{"rendered":"https:\/\/nguyendang.net.vn\/?page_id=2452"},"modified":"2021-05-22T10:32:26","modified_gmt":"2021-05-22T03:32:26","slug":"anh-logistics","status":"publish","type":"page","link":"https:\/\/nguyendang.net.vn\/vi\/bo-suu-tap-anh\/anh-logistics\/","title":{"rendered":"\u1ea2NH LOGISTICS"},"content":{"rendered":"\n  <div class=\"banner has-hover\" id=\"banner-1041683304\">\n          <div class=\"banner-inner fill\">\n        <div class=\"banner-bg fill\" >\n            <img loading=\"lazy\" decoding=\"async\" width=\"1020\" height=\"680\" src=\"https:\/\/nguyendang.net.vn\/wp-content\/uploads\/2019\/08\/antwerp-2019990_1920-1200x800.jpg\" class=\"bg attachment-large size-large\" alt=\"nguyen dang vietnam\" \/>                        <div class=\"overlay\"><\/div>            \n                    <\/div>\n\t\t\n        <div class=\"banner-layers container\">\n            <div class=\"fill banner-link\"><\/div>            \n   <div id=\"text-box-335533697\" class=\"text-box banner-layer x50 md-x50 lg-x50 y50 md-y50 lg-y50 res-text\">\n                                <div class=\"text-box-content text dark\">\n              \n              <div class=\"text-inner text-center\">\n                  \n<h1 class=\"uppercase\">\u1ea2NH logistics<\/h1>\n<p>Nh\u1eefng b\u1ee9c \u1ea3nh logistics tuy\u1ec7t \u0111\u1eb9p t\u1eeb kh\u1eafp n\u01a1i tr\u00ean th\u1ebf gi\u1edbi.<\/p>\n<a href=\"https:\/\/www.flickr.com\/photos\/157240348@N02\/albums\" class=\"button white is-shade\" >\n\t\t<span>xem th\u00eam<\/span>\n\t<\/a>\n\n              <\/div>\n           <\/div>\n                            \n<style>\n#text-box-335533697 {\n  width: 60%;\n}\n#text-box-335533697 .text-box-content {\n  font-size: 100%;\n}\n<\/style>\n    <\/div>\n \n        <\/div>\n      <\/div>\n\n              <div class=\"height-fix is-invisible\"><img loading=\"lazy\" decoding=\"async\" width=\"1020\" height=\"680\" src=\"https:\/\/nguyendang.net.vn\/wp-content\/uploads\/2019\/08\/antwerp-2019990_1920-1200x800.jpg\" class=\"attachment-large size-large\" alt=\"nguyen dang vietnam\" srcset=\"https:\/\/nguyendang.net.vn\/wp-content\/uploads\/2019\/08\/antwerp-2019990_1920-1200x800.jpg 1200w, https:\/\/nguyendang.net.vn\/wp-content\/uploads\/2019\/08\/antwerp-2019990_1920-510x340.jpg 510w, https:\/\/nguyendang.net.vn\/wp-content\/uploads\/2019\/08\/antwerp-2019990_1920-600x400.jpg 600w, https:\/\/nguyendang.net.vn\/wp-content\/uploads\/2019\/08\/antwerp-2019990_1920-768x512.jpg 768w, https:\/\/nguyendang.net.vn\/wp-content\/uploads\/2019\/08\/antwerp-2019990_1920.jpg 1920w\" sizes=\"auto, (max-width: 1020px) 100vw, 1020px\" \/><\/div>\n            \n<style>\n#banner-1041683304 .overlay {\n  background-color: rgba(0, 0, 0, 0.32);\n}\n<\/style>\n  <\/div>\n\n\n\n\t<section class=\"section\" id=\"section_1343593292\">\n\t\t<div class=\"section-bg fill\" >\n\t\t\t\t\t\t\t\t\t<div class=\"section-bg-overlay absolute fill\"><\/div>\n\t\t\t\n\n\t\t<\/div>\n\n\t\t\n\n\t\t<div class=\"section-content relative\">\n\t\t\t\n<div class=\"row row-large align-middle\"  id=\"row-1171051577\">\n\n\t<div id=\"col-1282037118\" class=\"col medium-6 small-12 large-6\"  >\n\t\t\t\t<div class=\"col-inner text-left\"  >\n\t\t\t\n\t\t\t\n<h2>\u1ea2NH LOGISTICS<\/h2>\n<p>Nh\u1eefng b\u1ee9c \u1ea3nh tuy\u1ec7t \u0111\u1eb9p \u0111\u01b0\u1ee3c ch\u1ee5p b\u1edfi c\u00e1c nhi\u1ebfp \u1ea3nh gia v\u1ec1 ho\u1ea1t \u0111\u1ed9ng <a href=\"https:\/\/nguyendang.net.vn\/vi\/nguyen-dang-viet-nam\/\">logistics<\/a> tr\u00ean kh\u1eafp th\u1ebf gi\u1edbi. Nh\u1eefng b\u00e3i container b\u1ea1t ng\u00e0n, nh\u1eefng con t\u00e0u nh\u1ed9n nh\u1ecbp n\u1ed1i \u0111u\u00f4i nhau v\u00e0o c\u1ea3ng v\u00e0 kh\u00f4ng kh\u00ed l\u00e0m vi\u1ec7c kh\u1ea9n tr\u01b0\u01a1ng c\u1ee7a nh\u00e2n vi\u00ean giao nh\u1eadn, logistics tr\u00ean n\u1ec1n tr\u1eddi&#8230; n\u1ec1n bi\u1ec3n xanh th\u1eb3m&#8230;&#8230;<\/p>\n<a href=\"https:\/\/www.instagram.com\/nguyen_dang_vietnam\/\" class=\"button primary\" >\n\t\t<span>xem tr\u00ean instagram<\/span>\n\t<\/a>\n\n\t\t<\/div>\n\t\t\t\t\t<\/div>\n\n\t\n\n\t<div id=\"col-1411273800\" class=\"col medium-6 small-12 large-6\"  >\n\t\t\t\t<div class=\"col-inner\"  >\n\t\t\t\n\t\t\t\n\t<div class=\"img has-hover x md-x lg-x y md-y lg-y\" id=\"image_730182684\">\n\t\t\t\t\t\t\t\t<div class=\"img-inner dark\" >\n\t\t\t<img loading=\"lazy\" decoding=\"async\" width=\"1020\" height=\"680\" src=\"https:\/\/nguyendang.net.vn\/wp-content\/uploads\/2019\/08\/container-2018508_1920-1200x800.jpg\" class=\"attachment-large size-large\" alt=\"nguyen dang vietnam\" srcset=\"https:\/\/nguyendang.net.vn\/wp-content\/uploads\/2019\/08\/container-2018508_1920-1200x800.jpg 1200w, https:\/\/nguyendang.net.vn\/wp-content\/uploads\/2019\/08\/container-2018508_1920-510x340.jpg 510w, https:\/\/nguyendang.net.vn\/wp-content\/uploads\/2019\/08\/container-2018508_1920-600x400.jpg 600w, https:\/\/nguyendang.net.vn\/wp-content\/uploads\/2019\/08\/container-2018508_1920-768x512.jpg 768w, https:\/\/nguyendang.net.vn\/wp-content\/uploads\/2019\/08\/container-2018508_1920.jpg 1920w\" sizes=\"auto, (max-width: 1020px) 100vw, 1020px\" \/>\t\t\t\t\t\t\n\t\t\t\t\t<\/div>\n\t\t\t\t\t\t\t\t\n<style>\n#image_730182684 {\n  width: 100%;\n}\n<\/style>\n\t<\/div>\n\t\n\t\t<\/div>\n\t\t\t\t\t<\/div>\n\n\t\n<\/div>\n\t\t<\/div>\n\n\t\t\n<style>\n#section_1343593292 {\n  padding-top: 60px;\n  padding-bottom: 60px;\n  background-color: rgb(193, 193, 193);\n}\n#section_1343593292 .section-bg-overlay {\n  background-color: rgba(255, 255, 255, 0.85);\n}\n<\/style>\n\t<\/section>\n\t\n<div class=\"slider-wrapper relative\" id=\"slider-1343562807\" >\n    <div class=\"slider slider-nav-circle slider-nav-large slider-nav-dark slider-style-normal slider-show-nav\"\n        data-flickity-options='{\n            \"cellAlign\": \"center\",\n            \"imagesLoaded\": true,\n            \"lazyLoad\": 1,\n            \"freeScroll\": false,\n            \"wrapAround\": true,\n            \"autoPlay\": 6000,\n            \"pauseAutoPlayOnHover\" : true,\n            \"prevNextButtons\": true,\n            \"contain\" : true,\n            \"adaptiveHeight\" : true,\n            \"dragThreshold\" : 10,\n            \"percentPosition\": true,\n            \"pageDots\": false,\n            \"rightToLeft\": false,\n            \"draggable\": true,\n            \"selectedAttraction\": 0.1,\n            \"parallax\" : 0,\n            \"friction\": 0.6        }'\n        >\n        \n  <div class=\"banner-grid-wrapper\">\n  <div id=\"banner-grid-266079673\" class=\"banner-grid row row-grid row-xsmall\" data-packery-options=\"\">\n                      \n<div class=\"col grid-col large-6 grid-col-1\" ><div class=\"col-inner\">\n\t<div class=\"img has-hover x md-x lg-x y md-y lg-y\" id=\"image_2057967783\">\n\t\t\t\t\t\t\t\t<div class=\"img-inner dark\" >\n\t\t\t<img loading=\"lazy\" decoding=\"async\" width=\"1020\" height=\"680\" src=\"https:\/\/nguyendang.net.vn\/wp-content\/uploads\/2019\/08\/container-3859710_1920-1200x800.jpg\" class=\"attachment-large size-large\" alt=\"nguyen dang vietnam\" srcset=\"https:\/\/nguyendang.net.vn\/wp-content\/uploads\/2019\/08\/container-3859710_1920-1200x800.jpg 1200w, https:\/\/nguyendang.net.vn\/wp-content\/uploads\/2019\/08\/container-3859710_1920-510x340.jpg 510w, https:\/\/nguyendang.net.vn\/wp-content\/uploads\/2019\/08\/container-3859710_1920-600x400.jpg 600w, https:\/\/nguyendang.net.vn\/wp-content\/uploads\/2019\/08\/container-3859710_1920-768x512.jpg 768w, https:\/\/nguyendang.net.vn\/wp-content\/uploads\/2019\/08\/container-3859710_1920.jpg 1920w\" sizes=\"auto, (max-width: 1020px) 100vw, 1020px\" \/>\t\t\t\t\t\t\n\t\t\t\t\t<\/div>\n\t\t\t\t\t\t\t\t\n<style>\n#image_2057967783 {\n  width: 100%;\n}\n<\/style>\n\t<\/div>\n\t\n<\/div><\/div>\n<div class=\"col grid-col large-3 grid-col-1\" ><div class=\"col-inner\">\n\t<div class=\"img has-hover x md-x lg-x y md-y lg-y\" id=\"image_1572469487\">\n\t\t\t\t\t\t\t\t<div class=\"img-inner dark\" >\n\t\t\t<img loading=\"lazy\" decoding=\"async\" width=\"995\" height=\"800\" src=\"https:\/\/nguyendang.net.vn\/wp-content\/uploads\/2019\/08\/dock-1277744_1920-995x800.jpg\" class=\"attachment-large size-large\" alt=\"nguyen dang vietnam\" srcset=\"https:\/\/nguyendang.net.vn\/wp-content\/uploads\/2019\/08\/dock-1277744_1920-995x800.jpg 995w, https:\/\/nguyendang.net.vn\/wp-content\/uploads\/2019\/08\/dock-1277744_1920-510x410.jpg 510w, https:\/\/nguyendang.net.vn\/wp-content\/uploads\/2019\/08\/dock-1277744_1920-498x400.jpg 498w, https:\/\/nguyendang.net.vn\/wp-content\/uploads\/2019\/08\/dock-1277744_1920-768x617.jpg 768w, https:\/\/nguyendang.net.vn\/wp-content\/uploads\/2019\/08\/dock-1277744_1920.jpg 1920w\" sizes=\"auto, (max-width: 995px) 100vw, 995px\" \/>\t\t\t\t\t\t\n\t\t\t\t\t<\/div>\n\t\t\t\t\t\t\t\t\n<style>\n#image_1572469487 {\n  width: 100%;\n}\n<\/style>\n\t<\/div>\n\t\n<\/div><\/div>\n<div class=\"col grid-col large-3 grid-col-1-2\" ><div class=\"col-inner\">\n\t<div class=\"img has-hover x md-x lg-x y md-y lg-y\" id=\"image_644705057\">\n\t\t\t\t\t\t\t\t<div class=\"img-inner dark\" >\n\t\t\t<img loading=\"lazy\" decoding=\"async\" width=\"1020\" height=\"574\" src=\"https:\/\/nguyendang.net.vn\/wp-content\/uploads\/2019\/08\/port-614543_1920-1400x788.jpg\" class=\"attachment-large size-large\" alt=\"nguyen dang vietnam\" srcset=\"https:\/\/nguyendang.net.vn\/wp-content\/uploads\/2019\/08\/port-614543_1920-1400x788.jpg 1400w, https:\/\/nguyendang.net.vn\/wp-content\/uploads\/2019\/08\/port-614543_1920-510x287.jpg 510w, https:\/\/nguyendang.net.vn\/wp-content\/uploads\/2019\/08\/port-614543_1920-711x400.jpg 711w, https:\/\/nguyendang.net.vn\/wp-content\/uploads\/2019\/08\/port-614543_1920-768x432.jpg 768w, https:\/\/nguyendang.net.vn\/wp-content\/uploads\/2019\/08\/port-614543_1920.jpg 1920w\" sizes=\"auto, (max-width: 1020px) 100vw, 1020px\" \/>\t\t\t\t\t\t\n\t\t\t\t\t<\/div>\n\t\t\t\t\t\t\t\t\n<style>\n#image_644705057 {\n  width: 100%;\n}\n<\/style>\n\t<\/div>\n\t\n<\/div><\/div>\n<div class=\"col grid-col large-3 grid-col-1-2\" ><div class=\"col-inner\">\n\t<div class=\"img has-hover x md-x lg-x y md-y lg-y\" id=\"image_379492977\">\n\t\t\t\t\t\t\t\t<div class=\"img-inner dark\" >\n\t\t\t<img loading=\"lazy\" decoding=\"async\" width=\"1020\" height=\"680\" src=\"https:\/\/nguyendang.net.vn\/wp-content\/uploads\/2019\/08\/freighter-315201_1280-1200x800.jpg\" class=\"attachment-large size-large\" alt=\"nguyen dang vietnam\" srcset=\"https:\/\/nguyendang.net.vn\/wp-content\/uploads\/2019\/08\/freighter-315201_1280-1200x800.jpg 1200w, https:\/\/nguyendang.net.vn\/wp-content\/uploads\/2019\/08\/freighter-315201_1280-510x340.jpg 510w, https:\/\/nguyendang.net.vn\/wp-content\/uploads\/2019\/08\/freighter-315201_1280-600x400.jpg 600w, https:\/\/nguyendang.net.vn\/wp-content\/uploads\/2019\/08\/freighter-315201_1280-768x512.jpg 768w, https:\/\/nguyendang.net.vn\/wp-content\/uploads\/2019\/08\/freighter-315201_1280.jpg 1280w\" sizes=\"auto, (max-width: 1020px) 100vw, 1020px\" \/>\t\t\t\t\t\t\n\t\t\t\t\t<\/div>\n\t\t\t\t\t\t\t\t\n<style>\n#image_379492977 {\n  width: 100%;\n}\n<\/style>\n\t<\/div>\n\t\n<\/div><\/div>\n            <\/div>\n    <style>\n    #banner-grid-266079673 .grid-col-1{height: 600px}\n    #banner-grid-266079673 .grid-col-1-2{height: 300px}\n    #banner-grid-266079673 .grid-col-1-3{height:200px}\n    #banner-grid-266079673 .grid-col-2-3{height: 400px}\n    #banner-grid-266079673 .grid-col-1-4{height: 150px}\n    #banner-grid-266079673 .grid-col-3-4{height: 450px}\n\n\n    \n    \n\n  <\/style>\n    <\/div>\n  \n     <\/div>\n\n     <div class=\"loading-spin dark large centered\"><\/div>\n\n\t\n<style>\n#slider-1343562807 {\n  margin-bottom: 30px;\n}\n<\/style>\n<\/div>\n\n\n","protected":false},"excerpt":{"rendered":"","protected":false},"author":1,"featured_media":14910,"parent":1142,"menu_order":0,"comment_status":"closed","ping_status":"closed","template":"page-blank.php","meta":{"_acf_changed":false,"footnotes":""},"class_list":["post-2452","page","type-page","status-publish","has-post-thumbnail","hentry"],"acf":[],"yoast_head":"<!-- This site is optimized with the Yoast SEO plugin v26.6 - https:\/\/yoast.com\/wordpress\/plugins\/seo\/ -->\n<title>\u1ea2nh logistics \u0111\u1eb9p - Nguy\u00ean \u0110\u0103ng Vi\u1ec7t Nam forwarding<\/title>\n<meta name=\"description\" content=\"Nh\u1eefng b\u1ee9c \u1ea3nh logistics tuy\u1ec7t \u0111\u1eb9p \u0111\u01b0\u1ee3c ch\u1ee5p b\u1edfi c\u00e1c nhi\u1ebfp \u1ea3nh gia v\u1ec1 ho\u1ea1t \u0111\u1ed9ng logistics tr\u00ean kh\u1eafp th\u1ebf gi\u1edbi. Nh\u1eefng b\u00e3i container b\u1ea1t ng\u00e0n, nh\u1eefng con t\u00e0u nh\u1ed9n nh\u1ecbp n\u1ed1i \u0111u\u00f4i nhau v\u00e0o c\u1ea3ng v\u00e0 kh\u00f4ng kh\u00ed l\u00e0m vi\u1ec7c kh\u1ea9n tr\u01b0\u01a1ng c\u1ee7a nh\u00e2n vi\u00ean giao nh\u1eadn, logistics tr\u00ean n\u1ec1n tr\u1eddi... n\u1ec1n bi\u1ec3n xanh th\u1eb3m......\" \/>\n<meta name=\"robots\" content=\"index, follow, max-snippet:-1, max-image-preview:large, max-video-preview:-1\" \/>\n<link rel=\"canonical\" href=\"https:\/\/nguyendang.net.vn\/photo-gallery\/logistics-photo\/\" \/>\n<meta property=\"og:locale\" content=\"vi_VN\" \/>\n<meta property=\"og:type\" content=\"article\" \/>\n<meta property=\"og:title\" content=\"\u1ea2nh logistics \u0111\u1eb9p - Nguy\u00ean \u0110\u0103ng Vi\u1ec7t Nam forwarding\" \/>\n<meta property=\"og:description\" content=\"Nh\u1eefng b\u1ee9c \u1ea3nh logistics tuy\u1ec7t \u0111\u1eb9p \u0111\u01b0\u1ee3c ch\u1ee5p b\u1edfi c\u00e1c nhi\u1ebfp \u1ea3nh gia v\u1ec1 ho\u1ea1t \u0111\u1ed9ng logistics tr\u00ean kh\u1eafp th\u1ebf gi\u1edbi. Nh\u1eefng b\u00e3i container b\u1ea1t ng\u00e0n, nh\u1eefng con t\u00e0u nh\u1ed9n nh\u1ecbp n\u1ed1i \u0111u\u00f4i nhau v\u00e0o c\u1ea3ng v\u00e0 kh\u00f4ng kh\u00ed l\u00e0m vi\u1ec7c kh\u1ea9n tr\u01b0\u01a1ng c\u1ee7a nh\u00e2n vi\u00ean giao nh\u1eadn, logistics tr\u00ean n\u1ec1n tr\u1eddi... n\u1ec1n bi\u1ec3n xanh th\u1eb3m......\" \/>\n<meta property=\"og:url\" content=\"https:\/\/nguyendang.net.vn\/photo-gallery\/logistics-photo\/\" \/>\n<meta property=\"og:site_name\" content=\"Nguyen Dang Viet Nam Forwarding\" \/>\n<meta property=\"article:publisher\" content=\"https:\/\/www.facebook.com\/NguyenDangVietNam\/\" \/>\n<meta property=\"article:modified_time\" content=\"2021-05-22T03:32:26+00:00\" \/>\n<meta property=\"og:image\" content=\"https:\/\/nguyendang.net.vn\/wp-content\/uploads\/2019\/08\/port-614543_1920-e1621611068876.jpg\" \/>\n\t<meta property=\"og:image:width\" content=\"800\" \/>\n\t<meta property=\"og:image:height\" content=\"500\" \/>\n\t<meta property=\"og:image:type\" content=\"image\/jpeg\" \/>\n<meta name=\"twitter:card\" content=\"summary_large_image\" \/>\n<meta name=\"twitter:site\" content=\"@NguyenDangLog\" \/>\n<meta name=\"twitter:label1\" content=\"Est. reading time\" \/>\n\t<meta name=\"twitter:data1\" content=\"1 minute\" \/>\n<script type=\"application\/ld+json\" class=\"yoast-schema-graph\">{\"@context\":\"https:\/\/schema.org\",\"@graph\":[{\"@type\":\"WebPage\",\"@id\":\"https:\/\/nguyendang.net.vn\/photo-gallery\/logistics-photo\/\",\"url\":\"https:\/\/nguyendang.net.vn\/photo-gallery\/logistics-photo\/\",\"name\":\"\u1ea2nh logistics \u0111\u1eb9p - Nguy\u00ean \u0110\u0103ng Vi\u1ec7t Nam forwarding\",\"isPartOf\":{\"@id\":\"https:\/\/nguyendang.net.vn\/#website\"},\"primaryImageOfPage\":{\"@id\":\"https:\/\/nguyendang.net.vn\/photo-gallery\/logistics-photo\/#primaryimage\"},\"image\":{\"@id\":\"https:\/\/nguyendang.net.vn\/photo-gallery\/logistics-photo\/#primaryimage\"},\"thumbnailUrl\":\"https:\/\/nguyendang.net.vn\/wp-content\/uploads\/2019\/08\/port-614543_1920-e1621611068876.jpg\",\"datePublished\":\"2019-08-08T03:33:50+00:00\",\"dateModified\":\"2021-05-22T03:32:26+00:00\",\"description\":\"Nh\u1eefng b\u1ee9c \u1ea3nh logistics tuy\u1ec7t \u0111\u1eb9p \u0111\u01b0\u1ee3c ch\u1ee5p b\u1edfi c\u00e1c nhi\u1ebfp \u1ea3nh gia v\u1ec1 ho\u1ea1t \u0111\u1ed9ng logistics tr\u00ean kh\u1eafp th\u1ebf gi\u1edbi. Nh\u1eefng b\u00e3i container b\u1ea1t ng\u00e0n, nh\u1eefng con t\u00e0u nh\u1ed9n nh\u1ecbp n\u1ed1i \u0111u\u00f4i nhau v\u00e0o c\u1ea3ng v\u00e0 kh\u00f4ng kh\u00ed l\u00e0m vi\u1ec7c kh\u1ea9n tr\u01b0\u01a1ng c\u1ee7a nh\u00e2n vi\u00ean giao nh\u1eadn, logistics tr\u00ean n\u1ec1n tr\u1eddi... n\u1ec1n bi\u1ec3n xanh th\u1eb3m......\",\"breadcrumb\":{\"@id\":\"https:\/\/nguyendang.net.vn\/photo-gallery\/logistics-photo\/#breadcrumb\"},\"inLanguage\":\"vi-VN\",\"potentialAction\":[{\"@type\":\"ReadAction\",\"target\":[\"https:\/\/nguyendang.net.vn\/photo-gallery\/logistics-photo\/\"]}]},{\"@type\":\"ImageObject\",\"inLanguage\":\"vi-VN\",\"@id\":\"https:\/\/nguyendang.net.vn\/photo-gallery\/logistics-photo\/#primaryimage\",\"url\":\"https:\/\/nguyendang.net.vn\/wp-content\/uploads\/2019\/08\/port-614543_1920-e1621611068876.jpg\",\"contentUrl\":\"https:\/\/nguyendang.net.vn\/wp-content\/uploads\/2019\/08\/port-614543_1920-e1621611068876.jpg\",\"width\":800,\"height\":500,\"caption\":\"\u1ea2nh Logistics s\u01b0u t\u1ea7m - Logistics photos gallery\"},{\"@type\":\"BreadcrumbList\",\"@id\":\"https:\/\/nguyendang.net.vn\/photo-gallery\/logistics-photo\/#breadcrumb\",\"itemListElement\":[{\"@type\":\"ListItem\",\"position\":1,\"name\":\"Home\",\"item\":\"https:\/\/nguyendang.net.vn\/vi\/\"},{\"@type\":\"ListItem\",\"position\":2,\"name\":\"\u1ea2nh\",\"item\":\"https:\/\/nguyendang.net.vn\/vi\/bo-suu-tap-anh\/\"},{\"@type\":\"ListItem\",\"position\":3,\"name\":\"\u1ea2NH LOGISTICS\"}]},{\"@type\":\"WebSite\",\"@id\":\"https:\/\/nguyendang.net.vn\/#website\",\"url\":\"https:\/\/nguyendang.net.vn\/\",\"name\":\"Nguyen Dang Viet Nam Forwarding\",\"description\":\"First class freight forwarder in vietnam\",\"publisher\":{\"@id\":\"https:\/\/nguyendang.net.vn\/#organization\"},\"potentialAction\":[{\"@type\":\"SearchAction\",\"target\":{\"@type\":\"EntryPoint\",\"urlTemplate\":\"https:\/\/nguyendang.net.vn\/?s={search_term_string}\"},\"query-input\":{\"@type\":\"PropertyValueSpecification\",\"valueRequired\":true,\"valueName\":\"search_term_string\"}}],\"inLanguage\":\"vi-VN\"},{\"@type\":\"Organization\",\"@id\":\"https:\/\/nguyendang.net.vn\/#organization\",\"name\":\"Nguyen Dang Viet Nam Forwarding\",\"url\":\"https:\/\/nguyendang.net.vn\/\",\"logo\":{\"@type\":\"ImageObject\",\"inLanguage\":\"vi-VN\",\"@id\":\"https:\/\/nguyendang.net.vn\/#\/schema\/logo\/image\/\",\"url\":\"https:\/\/nguyendang.net.vn\/wp-content\/uploads\/2020\/07\/nguyen-dang-logo.png\",\"contentUrl\":\"https:\/\/nguyendang.net.vn\/wp-content\/uploads\/2020\/07\/nguyen-dang-logo.png\",\"width\":800,\"height\":200,\"caption\":\"Nguyen Dang Viet Nam Forwarding\"},\"image\":{\"@id\":\"https:\/\/nguyendang.net.vn\/#\/schema\/logo\/image\/\"},\"sameAs\":[\"https:\/\/www.facebook.com\/NguyenDangVietNam\/\",\"https:\/\/x.com\/NguyenDangLog\",\"https:\/\/www.instagram.com\/nguyen_dang_vietnam\/\",\"https:\/\/www.linkedin.com\/in\/nguyen-dang-vietnam-849050179\/\",\"https:\/\/www.pinterest.com\/nguyendangvietnammkt\/\",\"https:\/\/www.youtube.com\/channel\/UCBln8cONx2WOb5w-5smFJsA\"]}]}<\/script>\n<!-- \/ Yoast SEO plugin. -->","yoast_head_json":{"title":"\u1ea2nh logistics \u0111\u1eb9p - Nguy\u00ean \u0110\u0103ng Vi\u1ec7t Nam forwarding","description":"Nh\u1eefng b\u1ee9c \u1ea3nh logistics tuy\u1ec7t \u0111\u1eb9p \u0111\u01b0\u1ee3c ch\u1ee5p b\u1edfi c\u00e1c nhi\u1ebfp \u1ea3nh gia v\u1ec1 ho\u1ea1t \u0111\u1ed9ng logistics tr\u00ean kh\u1eafp th\u1ebf gi\u1edbi. Nh\u1eefng b\u00e3i container b\u1ea1t ng\u00e0n, nh\u1eefng con t\u00e0u nh\u1ed9n nh\u1ecbp n\u1ed1i \u0111u\u00f4i nhau v\u00e0o c\u1ea3ng v\u00e0 kh\u00f4ng kh\u00ed l\u00e0m vi\u1ec7c kh\u1ea9n tr\u01b0\u01a1ng c\u1ee7a nh\u00e2n vi\u00ean giao nh\u1eadn, logistics tr\u00ean n\u1ec1n tr\u1eddi... n\u1ec1n bi\u1ec3n xanh th\u1eb3m......","robots":{"index":"index","follow":"follow","max-snippet":"max-snippet:-1","max-image-preview":"max-image-preview:large","max-video-preview":"max-video-preview:-1"},"canonical":"https:\/\/nguyendang.net.vn\/photo-gallery\/logistics-photo\/","og_locale":"vi_VN","og_type":"article","og_title":"\u1ea2nh logistics \u0111\u1eb9p - Nguy\u00ean \u0110\u0103ng Vi\u1ec7t Nam forwarding","og_description":"Nh\u1eefng b\u1ee9c \u1ea3nh logistics tuy\u1ec7t \u0111\u1eb9p \u0111\u01b0\u1ee3c ch\u1ee5p b\u1edfi c\u00e1c nhi\u1ebfp \u1ea3nh gia v\u1ec1 ho\u1ea1t \u0111\u1ed9ng logistics tr\u00ean kh\u1eafp th\u1ebf gi\u1edbi. Nh\u1eefng b\u00e3i container b\u1ea1t ng\u00e0n, nh\u1eefng con t\u00e0u nh\u1ed9n nh\u1ecbp n\u1ed1i \u0111u\u00f4i nhau v\u00e0o c\u1ea3ng v\u00e0 kh\u00f4ng kh\u00ed l\u00e0m vi\u1ec7c kh\u1ea9n tr\u01b0\u01a1ng c\u1ee7a nh\u00e2n vi\u00ean giao nh\u1eadn, logistics tr\u00ean n\u1ec1n tr\u1eddi... n\u1ec1n bi\u1ec3n xanh th\u1eb3m......","og_url":"https:\/\/nguyendang.net.vn\/photo-gallery\/logistics-photo\/","og_site_name":"Nguyen Dang Viet Nam Forwarding","article_publisher":"https:\/\/www.facebook.com\/NguyenDangVietNam\/","article_modified_time":"2021-05-22T03:32:26+00:00","og_image":[{"width":800,"height":500,"url":"https:\/\/nguyendang.net.vn\/wp-content\/uploads\/2019\/08\/port-614543_1920-e1621611068876.jpg","type":"image\/jpeg"}],"twitter_card":"summary_large_image","twitter_site":"@NguyenDangLog","twitter_misc":{"Est. reading time":"1 minute"},"schema":{"@context":"https:\/\/schema.org","@graph":[{"@type":"WebPage","@id":"https:\/\/nguyendang.net.vn\/photo-gallery\/logistics-photo\/","url":"https:\/\/nguyendang.net.vn\/photo-gallery\/logistics-photo\/","name":"\u1ea2nh logistics \u0111\u1eb9p - Nguy\u00ean \u0110\u0103ng Vi\u1ec7t Nam forwarding","isPartOf":{"@id":"https:\/\/nguyendang.net.vn\/#website"},"primaryImageOfPage":{"@id":"https:\/\/nguyendang.net.vn\/photo-gallery\/logistics-photo\/#primaryimage"},"image":{"@id":"https:\/\/nguyendang.net.vn\/photo-gallery\/logistics-photo\/#primaryimage"},"thumbnailUrl":"https:\/\/nguyendang.net.vn\/wp-content\/uploads\/2019\/08\/port-614543_1920-e1621611068876.jpg","datePublished":"2019-08-08T03:33:50+00:00","dateModified":"2021-05-22T03:32:26+00:00","description":"Nh\u1eefng b\u1ee9c \u1ea3nh logistics tuy\u1ec7t \u0111\u1eb9p \u0111\u01b0\u1ee3c ch\u1ee5p b\u1edfi c\u00e1c nhi\u1ebfp \u1ea3nh gia v\u1ec1 ho\u1ea1t \u0111\u1ed9ng logistics tr\u00ean kh\u1eafp th\u1ebf gi\u1edbi. Nh\u1eefng b\u00e3i container b\u1ea1t ng\u00e0n, nh\u1eefng con t\u00e0u nh\u1ed9n nh\u1ecbp n\u1ed1i \u0111u\u00f4i nhau v\u00e0o c\u1ea3ng v\u00e0 kh\u00f4ng kh\u00ed l\u00e0m vi\u1ec7c kh\u1ea9n tr\u01b0\u01a1ng c\u1ee7a nh\u00e2n vi\u00ean giao nh\u1eadn, logistics tr\u00ean n\u1ec1n tr\u1eddi... n\u1ec1n bi\u1ec3n xanh th\u1eb3m......","breadcrumb":{"@id":"https:\/\/nguyendang.net.vn\/photo-gallery\/logistics-photo\/#breadcrumb"},"inLanguage":"vi-VN","potentialAction":[{"@type":"ReadAction","target":["https:\/\/nguyendang.net.vn\/photo-gallery\/logistics-photo\/"]}]},{"@type":"ImageObject","inLanguage":"vi-VN","@id":"https:\/\/nguyendang.net.vn\/photo-gallery\/logistics-photo\/#primaryimage","url":"https:\/\/nguyendang.net.vn\/wp-content\/uploads\/2019\/08\/port-614543_1920-e1621611068876.jpg","contentUrl":"https:\/\/nguyendang.net.vn\/wp-content\/uploads\/2019\/08\/port-614543_1920-e1621611068876.jpg","width":800,"height":500,"caption":"\u1ea2nh Logistics s\u01b0u t\u1ea7m - Logistics photos gallery"},{"@type":"BreadcrumbList","@id":"https:\/\/nguyendang.net.vn\/photo-gallery\/logistics-photo\/#breadcrumb","itemListElement":[{"@type":"ListItem","position":1,"name":"Home","item":"https:\/\/nguyendang.net.vn\/vi\/"},{"@type":"ListItem","position":2,"name":"\u1ea2nh","item":"https:\/\/nguyendang.net.vn\/vi\/bo-suu-tap-anh\/"},{"@type":"ListItem","position":3,"name":"\u1ea2NH LOGISTICS"}]},{"@type":"WebSite","@id":"https:\/\/nguyendang.net.vn\/#website","url":"https:\/\/nguyendang.net.vn\/","name":"Nguyen Dang Viet Nam Forwarding","description":"First class freight forwarder in vietnam","publisher":{"@id":"https:\/\/nguyendang.net.vn\/#organization"},"potentialAction":[{"@type":"SearchAction","target":{"@type":"EntryPoint","urlTemplate":"https:\/\/nguyendang.net.vn\/?s={search_term_string}"},"query-input":{"@type":"PropertyValueSpecification","valueRequired":true,"valueName":"search_term_string"}}],"inLanguage":"vi-VN"},{"@type":"Organization","@id":"https:\/\/nguyendang.net.vn\/#organization","name":"Nguyen Dang Viet Nam Forwarding","url":"https:\/\/nguyendang.net.vn\/","logo":{"@type":"ImageObject","inLanguage":"vi-VN","@id":"https:\/\/nguyendang.net.vn\/#\/schema\/logo\/image\/","url":"https:\/\/nguyendang.net.vn\/wp-content\/uploads\/2020\/07\/nguyen-dang-logo.png","contentUrl":"https:\/\/nguyendang.net.vn\/wp-content\/uploads\/2020\/07\/nguyen-dang-logo.png","width":800,"height":200,"caption":"Nguyen Dang Viet Nam Forwarding"},"image":{"@id":"https:\/\/nguyendang.net.vn\/#\/schema\/logo\/image\/"},"sameAs":["https:\/\/www.facebook.com\/NguyenDangVietNam\/","https:\/\/x.com\/NguyenDangLog","https:\/\/www.instagram.com\/nguyen_dang_vietnam\/","https:\/\/www.linkedin.com\/in\/nguyen-dang-vietnam-849050179\/","https:\/\/www.pinterest.com\/nguyendangvietnammkt\/","https:\/\/www.youtube.com\/channel\/UCBln8cONx2WOb5w-5smFJsA"]}]}},"_links":{"self":[{"href":"https:\/\/nguyendang.net.vn\/vi\/wp-json\/wp\/v2\/pages\/2452","targetHints":{"allow":["GET"]}}],"collection":[{"href":"https:\/\/nguyendang.net.vn\/vi\/wp-json\/wp\/v2\/pages"}],"about":[{"href":"https:\/\/nguyendang.net.vn\/vi\/wp-json\/wp\/v2\/types\/page"}],"author":[{"embeddable":true,"href":"https:\/\/nguyendang.net.vn\/vi\/wp-json\/wp\/v2\/users\/1"}],"replies":[{"embeddable":true,"href":"https:\/\/nguyendang.net.vn\/vi\/wp-json\/wp\/v2\/comments?post=2452"}],"version-history":[{"count":10,"href":"https:\/\/nguyendang.net.vn\/vi\/wp-json\/wp\/v2\/pages\/2452\/revisions"}],"predecessor-version":[{"id":20631,"href":"https:\/\/nguyendang.net.vn\/vi\/wp-json\/wp\/v2\/pages\/2452\/revisions\/20631"}],"up":[{"embeddable":true,"href":"https:\/\/nguyendang.net.vn\/vi\/wp-json\/wp\/v2\/pages\/1142"}],"wp:featuredmedia":[{"embeddable":true,"href":"https:\/\/nguyendang.net.vn\/vi\/wp-json\/wp\/v2\/media\/14910"}],"wp:attachment":[{"href":"https:\/\/nguyendang.net.vn\/vi\/wp-json\/wp\/v2\/media?parent=2452"}],"curies":[{"name":"wp","href":"https:\/\/api.w.org\/{rel}","templated":true}]}}